{"id":1690,"date":"2025-03-23T19:31:25","date_gmt":"2025-03-23T19:31:25","guid":{"rendered":"https:\/\/subdomain.nordwallinstrument.com\/?page_id=1690"},"modified":"2025-04-07T09:55:06","modified_gmt":"2025-04-07T09:55:06","slug":"byggkurs2","status":"publish","type":"page","link":"https:\/\/subdomain.nordwallinstrument.com\/en\/byggkurs2\/","title":{"rendered":"Course"},"content":{"rendered":"<div data-elementor-type=\"wp-page\" data-elementor-id=\"1690\" class=\"elementor elementor-1690\">\n\t\t\t\t<div class=\"elementor-element elementor-element-f2e825b e-flex e-con-boxed e-con e-parent\" data-id=\"f2e825b\" data-element_type=\"container\">\n\t\t\t\t\t<div class=\"e-con-inner\">\n\t\t\t\t<div class=\"elementor-element elementor-element-a70e17c elementor-widget elementor-widget-heading\" data-id=\"a70e17c\" data-element_type=\"widget\" data-widget_type=\"heading.default\">\n\t\t\t\t<div class=\"elementor-widget-container\">\n\t\t\t\t\t<h2 class=\"elementor-heading-title elementor-size-default\">Course<\/h2>\t\t\t\t<\/div>\n\t\t\t\t<\/div>\n\t\t\t\t\t<\/div>\n\t\t\t\t<\/div>\n\t\t<div class=\"elementor-element elementor-element-9c59dd7 e-flex e-con-boxed e-con e-parent\" data-id=\"9c59dd7\" data-element_type=\"container\">\n\t\t\t\t\t<div class=\"e-con-inner\">\n\t\t<div class=\"elementor-element elementor-element-162d363 e-con-full e-flex e-con e-child\" data-id=\"162d363\" data-element_type=\"container\">\n\t\t\t\t<div class=\"elementor-element elementor-element-b319555 elementor-widget elementor-widget-image\" data-id=\"b319555\" data-element_type=\"widget\" data-widget_type=\"image.default\">\n\t\t\t\t<div class=\"elementor-widget-container\">\n\t\t\t\t\t\t\t\t\t\t\t\t\t\t\t<img fetchpriority=\"high\" decoding=\"async\" width=\"214\" height=\"300\" src=\"https:\/\/subdomain.nordwallinstrument.com\/wp-content\/uploads\/2025\/03\/1000000194-214x300.jpg\" class=\"attachment-medium size-medium wp-image-1455\" alt=\"\" srcset=\"https:\/\/subdomain.nordwallinstrument.com\/wp-content\/uploads\/2025\/03\/1000000194-214x300.jpg 214w, https:\/\/subdomain.nordwallinstrument.com\/wp-content\/uploads\/2025\/03\/1000000194-9x12.jpg 9w, https:\/\/subdomain.nordwallinstrument.com\/wp-content\/uploads\/2025\/03\/1000000194.jpg 684w\" sizes=\"(max-width: 214px) 100vw, 214px\" \/>\t\t\t\t\t\t\t\t\t\t\t\t\t\t\t<\/div>\n\t\t\t\t<\/div>\n\t\t\t\t<\/div>\n\t\t<div class=\"elementor-element elementor-element-2460f75 e-con-full e-flex e-con e-child\" data-id=\"2460f75\" data-element_type=\"container\">\n\t\t\t\t<div class=\"elementor-element elementor-element-f575573 elementor-widget elementor-widget-image\" data-id=\"f575573\" data-element_type=\"widget\" data-widget_type=\"image.default\">\n\t\t\t\t<div class=\"elementor-widget-container\">\n\t\t\t\t\t\t\t\t\t\t\t\t\t\t\t<img decoding=\"async\" width=\"225\" height=\"300\" src=\"https:\/\/subdomain.nordwallinstrument.com\/wp-content\/uploads\/2025\/03\/kursbild-225x300.jpg\" class=\"attachment-medium size-medium wp-image-1454\" alt=\"\" srcset=\"https:\/\/subdomain.nordwallinstrument.com\/wp-content\/uploads\/2025\/03\/kursbild-225x300.jpg 225w, https:\/\/subdomain.nordwallinstrument.com\/wp-content\/uploads\/2025\/03\/kursbild-9x12.jpg 9w, https:\/\/subdomain.nordwallinstrument.com\/wp-content\/uploads\/2025\/03\/kursbild.jpg 720w\" sizes=\"(max-width: 225px) 100vw, 225px\" \/>\t\t\t\t\t\t\t\t\t\t\t\t\t\t\t<\/div>\n\t\t\t\t<\/div>\n\t\t\t\t<\/div>\n\t\t<div class=\"elementor-element elementor-element-b9baf11 e-con-full e-flex e-con e-child\" data-id=\"b9baf11\" data-element_type=\"container\">\n\t\t\t\t<div class=\"elementor-element elementor-element-ad7967e elementor-widget elementor-widget-image\" data-id=\"ad7967e\" data-element_type=\"widget\" data-widget_type=\"image.default\">\n\t\t\t\t<div class=\"elementor-widget-container\">\n\t\t\t\t\t\t\t\t\t\t\t\t\t\t\t<img decoding=\"async\" width=\"225\" height=\"300\" src=\"https:\/\/subdomain.nordwallinstrument.com\/wp-content\/uploads\/2025\/03\/1000002243-3-225x300.jpg\" class=\"attachment-medium size-medium wp-image-1466\" alt=\"\" srcset=\"https:\/\/subdomain.nordwallinstrument.com\/wp-content\/uploads\/2025\/03\/1000002243-3-225x300.jpg 225w, https:\/\/subdomain.nordwallinstrument.com\/wp-content\/uploads\/2025\/03\/1000002243-3-9x12.jpg 9w, https:\/\/subdomain.nordwallinstrument.com\/wp-content\/uploads\/2025\/03\/1000002243-3-rotated.jpg 765w\" sizes=\"(max-width: 225px) 100vw, 225px\" \/>\t\t\t\t\t\t\t\t\t\t\t\t\t\t\t<\/div>\n\t\t\t\t<\/div>\n\t\t\t\t<\/div>\n\t\t<div class=\"elementor-element elementor-element-e47404f e-con-full e-flex e-con e-child\" data-id=\"e47404f\" data-element_type=\"container\">\n\t\t\t\t<div class=\"elementor-element elementor-element-b825906 elementor-widget elementor-widget-image\" data-id=\"b825906\" data-element_type=\"widget\" data-widget_type=\"image.default\">\n\t\t\t\t<div class=\"elementor-widget-container\">\n\t\t\t\t\t\t\t\t\t\t\t\t\t\t\t<img loading=\"lazy\" decoding=\"async\" width=\"225\" height=\"300\" src=\"https:\/\/subdomain.nordwallinstrument.com\/wp-content\/uploads\/2025\/03\/1000002476-6-225x300.jpg\" class=\"attachment-medium size-medium wp-image-1467\" alt=\"\" srcset=\"https:\/\/subdomain.nordwallinstrument.com\/wp-content\/uploads\/2025\/03\/1000002476-6-225x300.jpg 225w, https:\/\/subdomain.nordwallinstrument.com\/wp-content\/uploads\/2025\/03\/1000002476-6-9x12.jpg 9w, https:\/\/subdomain.nordwallinstrument.com\/wp-content\/uploads\/2025\/03\/1000002476-6-rotated.jpg 765w\" sizes=\"(max-width: 225px) 100vw, 225px\" \/>\t\t\t\t\t\t\t\t\t\t\t\t\t\t\t<\/div>\n\t\t\t\t<\/div>\n\t\t\t\t<\/div>\n\t\t\t\t\t<\/div>\n\t\t\t\t<\/div>\n\t\t<div class=\"elementor-element elementor-element-2fba5d3 e-flex e-con-boxed e-con e-parent\" data-id=\"2fba5d3\" data-element_type=\"container\">\n\t\t\t\t\t<div class=\"e-con-inner\">\n\t\t\t\t<div class=\"elementor-element elementor-element-317ff1a elementor-widget elementor-widget-text-editor\" data-id=\"317ff1a\" data-element_type=\"widget\" data-widget_type=\"text-editor.default\">\n\t\t\t\t<div class=\"elementor-widget-container\">\n\t\t\t\t\t\t\t\t\t<p><strong>Build your own guitar! Now you have the opportunity to take a course at Nordwall Instrument.<\/strong><\/p><ul><li><em><strong>Private course for 1 person of approximately 100 hours, you don't have to share the workshop with other course participants, no waiting time and full focus on just you.<\/strong><\/em><\/li><li><em><strong>Accommodation is included. <\/strong><\/em><em><strong>Materials are also included.<\/strong><\/em><\/li><li><em><strong>You choose which instrument you want to build from all Nordwall models. Both guitars and folk instruments.<\/strong><\/em><\/li><li><em><strong>Possibility to design your own headstock shape, bridge shape and trussrodcover shape.<\/strong><\/em><\/li><\/ul><p>Mats Nordwall offers courses in instrument building in my workshop on Ingmars\u00f6. The course is now <strong>2 weeks<\/strong> long (including weekends) full-time, and only <strong>1 person<\/strong> per course. The course fee also includes accommodation in the guest cottage next to the workshop.<br \/>You have the opportunity to choose from all standard models that are included in my range and you manufacture your instrument according to the same process as all Nordwall instruments, i.e. from raw material to finished instrument. Surface treatment is done with a few layers of matt varnish or oil.\u00a0<br \/>All materials needed for the instrument are included in the course fee (standard materials, special options can in some cases be made at an extra cost)<br \/>No prior knowledge is required to take the course other than a strong interest in music and crafts, and that you are good at listening and taking in instructions, and that you are prepared to work hard and intensively for two weeks, 8 hours a day (9-18, lunch 12-13). I am always on hand and instruct every step, answer questions about guitar building and other things, and help with the building if needed.<\/p><p>The course fee is\u00a0<strong>EU: 3.045\u20ac (VAT included) US or outside EU: 2.650$ (VAT\/local taxes NOT included)<\/strong><\/p><p>When registering, you pay a registration fee of 450 Euro\/500 USD (non-refundable) and the remaining amount must be paid before the start of the course.<\/p><p>Course dates are determined in consultation between the course participant and Nordwall Instrument.<br \/>For questions and registration, send an email to:\u00a0<a href=\"mailto:info@nordwallinstrument.com\">info@nordwallinstrument.com<\/a><\/p>\t\t\t\t\t\t\t\t<\/div>\n\t\t\t\t<\/div>\n\t\t\t\t\t<\/div>\n\t\t\t\t<\/div>\n\t\t<div class=\"elementor-element elementor-element-0ffe564 e-flex e-con-boxed e-con e-parent\" data-id=\"0ffe564\" data-element_type=\"container\">\n\t\t\t\t\t<div class=\"e-con-inner\">\n\t\t\t\t\t<\/div>\n\t\t\t\t<\/div>\n\t\t\t\t<\/div>","protected":false},"excerpt":{"rendered":"<p>Byggkurs Bygg din egen gitarr! Nu har du m\u00f6jlighet att g\u00e5 kurs hos Nordwall Instrument. Privatkurs f\u00f6r 1 person p\u00e5 ca 100 timmar, du slipper dela verkstaden med andra kursdeltagare, ingen v\u00e4ntetid och fullt fokus p\u00e5 bara dig. Boende ing\u00e5r. Material ing\u00e5r ocks\u00e5. Du v\u00e4ljer fritt bland alla Nordwall modellerna. B\u00e5de gitarrer och folkmusikinstrument. M\u00f6jlighet [&hellip;]<\/p>","protected":false},"author":1,"featured_media":0,"parent":0,"menu_order":0,"comment_status":"closed","ping_status":"closed","template":"","meta":{"site-sidebar-layout":"no-sidebar","site-content-layout":"page-builder","ast-site-content-layout":"full-width-container","site-content-style":"default","site-sidebar-style":"default","ast-global-header-display":"","ast-banner-title-visibility":"","ast-main-header-display":"","ast-hfb-above-header-display":"","ast-hfb-below-header-display":"","ast-hfb-mobile-header-display":"","site-post-title":"disabled","ast-breadcrumbs-content":"","ast-featured-img":"disabled","footer-sml-layout":"","theme-transparent-header-meta":"","adv-header-id-meta":"","stick-header-meta":"","header-above-stick-meta":"","header-main-stick-meta":"","header-below-stick-meta":"","astra-migrate-meta-layouts":"set","ast-page-background-enabled":"default","ast-page-background-meta":{"desktop":{"background-color":"","background-image":"","background-repeat":"repeat","background-position":"center center","background-size":"auto","background-attachment":"scroll","background-type":"","background-media":"","overlay-type":"","overlay-color":"","overlay-opacity":"","overlay-gradient":""},"tablet":{"background-color":"","background-image":"","background-repeat":"repeat","background-position":"center center","background-size":"auto","background-attachment":"scroll","background-type":"","background-media":"","overlay-type":"","overlay-color":"","overlay-opacity":"","overlay-gradient":""},"mobile":{"background-color":"","background-image":"","background-repeat":"repeat","background-position":"center center","background-size":"auto","background-attachment":"scroll","background-type":"","background-media":"","overlay-type":"","overlay-color":"","overlay-opacity":"","overlay-gradient":""}},"ast-content-background-meta":{"desktop":{"background-color":"var(--ast-global-color-5)","background-image":"","background-repeat":"repeat","background-position":"center center","background-size":"auto","background-attachment":"scroll","background-type":"","background-media":"","overlay-type":"","overlay-color":"","overlay-opacity":"","overlay-gradient":""},"tablet":{"background-color":"var(--ast-global-color-5)","background-image":"","background-repeat":"repeat","background-position":"center center","background-size":"auto","background-attachment":"scroll","background-type":"","background-media":"","overlay-type":"","overlay-color":"","overlay-opacity":"","overlay-gradient":""},"mobile":{"background-color":"var(--ast-global-color-5)","background-image":"","background-repeat":"repeat","background-position":"center center","background-size":"auto","background-attachment":"scroll","background-type":"","background-media":"","overlay-type":"","overlay-color":"","overlay-opacity":"","overlay-gradient":""}},"footnotes":""},"class_list":["post-1690","page","type-page","status-publish","hentry"],"_links":{"self":[{"href":"https:\/\/subdomain.nordwallinstrument.com\/en\/wp-json\/wp\/v2\/pages\/1690","targetHints":{"allow":["GET"]}}],"collection":[{"href":"https:\/\/subdomain.nordwallinstrument.com\/en\/wp-json\/wp\/v2\/pages"}],"about":[{"href":"https:\/\/subdomain.nordwallinstrument.com\/en\/wp-json\/wp\/v2\/types\/page"}],"author":[{"embeddable":true,"href":"https:\/\/subdomain.nordwallinstrument.com\/en\/wp-json\/wp\/v2\/users\/1"}],"replies":[{"embeddable":true,"href":"https:\/\/subdomain.nordwallinstrument.com\/en\/wp-json\/wp\/v2\/comments?post=1690"}],"version-history":[{"count":26,"href":"https:\/\/subdomain.nordwallinstrument.com\/en\/wp-json\/wp\/v2\/pages\/1690\/revisions"}],"predecessor-version":[{"id":2003,"href":"https:\/\/subdomain.nordwallinstrument.com\/en\/wp-json\/wp\/v2\/pages\/1690\/revisions\/2003"}],"wp:attachment":[{"href":"https:\/\/subdomain.nordwallinstrument.com\/en\/wp-json\/wp\/v2\/media?parent=1690"}],"curies":[{"name":"wp","href":"https:\/\/api.w.org\/{rel}","templated":true}]}}