{"id":1680,"date":"2025-03-22T13:30:10","date_gmt":"2025-03-22T13:30:10","guid":{"rendered":"https:\/\/subdomain.nordwallinstrument.com\/?page_id=1680"},"modified":"2025-04-13T16:43:47","modified_gmt":"2025-04-13T16:43:47","slug":"kontakt-2","status":"publish","type":"page","link":"https:\/\/subdomain.nordwallinstrument.com\/en\/kontakt-2\/","title":{"rendered":"Contact"},"content":{"rendered":"<div data-elementor-type=\"wp-page\" data-elementor-id=\"1680\" class=\"elementor elementor-1680\">\n\t\t\t\t<div class=\"elementor-element elementor-element-a034633 e-flex e-con-boxed e-con e-parent\" data-id=\"a034633\" data-element_type=\"container\">\n\t\t\t\t\t<div class=\"e-con-inner\">\n\t\t\t\t<div class=\"elementor-element elementor-element-002645e elementor-widget elementor-widget-heading\" data-id=\"002645e\" data-element_type=\"widget\" data-widget_type=\"heading.default\">\n\t\t\t\t<div class=\"elementor-widget-container\">\n\t\t\t\t\t<h2 class=\"elementor-heading-title elementor-size-default\">Contact<\/h2>\t\t\t\t<\/div>\n\t\t\t\t<\/div>\n\t\t\t\t\t<\/div>\n\t\t\t\t<\/div>\n\t\t<div class=\"elementor-element elementor-element-b43fb19 e-flex e-con-boxed e-con e-parent\" data-id=\"b43fb19\" data-element_type=\"container\">\n\t\t\t\t\t<div class=\"e-con-inner\">\n\t\t<div class=\"elementor-element elementor-element-e2dd8d8 e-con-full e-flex e-con e-child\" data-id=\"e2dd8d8\" data-element_type=\"container\">\n\t\t\t\t<div class=\"elementor-element elementor-element-2ad5b45 elementor-widget elementor-widget-image\" data-id=\"2ad5b45\" data-element_type=\"widget\" data-widget_type=\"image.default\">\n\t\t\t\t<div class=\"elementor-widget-container\">\n\t\t\t\t\t\t\t\t\t\t\t\t\t\t\t<img fetchpriority=\"high\" decoding=\"async\" width=\"683\" height=\"1024\" src=\"https:\/\/subdomain.nordwallinstrument.com\/wp-content\/uploads\/2025\/03\/Nordwall-Instrument-foto-Farhang-Hamed-64-mindre-683x1024.jpg\" class=\"attachment-large size-large wp-image-1304\" alt=\"\" srcset=\"https:\/\/subdomain.nordwallinstrument.com\/wp-content\/uploads\/2025\/03\/Nordwall-Instrument-foto-Farhang-Hamed-64-mindre-683x1024.jpg 683w, https:\/\/subdomain.nordwallinstrument.com\/wp-content\/uploads\/2025\/03\/Nordwall-Instrument-foto-Farhang-Hamed-64-mindre-200x300.jpg 200w, https:\/\/subdomain.nordwallinstrument.com\/wp-content\/uploads\/2025\/03\/Nordwall-Instrument-foto-Farhang-Hamed-64-mindre-768x1151.jpg 768w, https:\/\/subdomain.nordwallinstrument.com\/wp-content\/uploads\/2025\/03\/Nordwall-Instrument-foto-Farhang-Hamed-64-mindre-1025x1536.jpg 1025w, https:\/\/subdomain.nordwallinstrument.com\/wp-content\/uploads\/2025\/03\/Nordwall-Instrument-foto-Farhang-Hamed-64-mindre-8x12.jpg 8w, https:\/\/subdomain.nordwallinstrument.com\/wp-content\/uploads\/2025\/03\/Nordwall-Instrument-foto-Farhang-Hamed-64-mindre.jpg 1366w\" sizes=\"(max-width: 683px) 100vw, 683px\" \/>\t\t\t\t\t\t\t\t\t\t\t\t\t\t\t<\/div>\n\t\t\t\t<\/div>\n\t\t\t\t<\/div>\n\t\t<div class=\"elementor-element elementor-element-e65a576 e-con-full e-flex e-con e-child\" data-id=\"e65a576\" data-element_type=\"container\">\n\t\t\t\t<div class=\"elementor-element elementor-element-6c167e0 elementor-widget elementor-widget-text-editor\" data-id=\"6c167e0\" data-element_type=\"widget\" data-widget_type=\"text-editor.default\">\n\t\t\t\t<div class=\"elementor-widget-container\">\n\t\t\t\t\t\t\t\t\t<p>Nordwall Instruments' workshop is located on the island of Ingmars\u00f6 in Stockholm's central archipelago.<br \/>You can get here by Waxholmsb\u00e5t in 2-3 hours from the city, or by car and road ferry to Ljuster\u00f6 and then a 35-minute boat ride the last part to Ingmars\u00f6. Go to<a href=\"http:\/\/www.waxholmsbolaget.se\/\" data-type=\"link\" data-id=\"www.waxholmsbolaget.se\">\u00a0waxholmsbolaget.se<\/a>\u00a0alternatively\u00a0<a href=\"http:\/\/www.sl.se\/\">sl.se<\/a>\u00a0for timetable.<\/p><p><strong>Contact Nordwall Instrument:<\/strong><\/p><p>Phone +46 73 932 24 27<br \/>E-mail:\u00a0<a href=\"mailto:\">info@nordwallinstrument.com<\/a><\/p><p><strong>Adress:<\/strong><br \/><a href=\"https:\/\/www.google.se\/search?q=B%C3%A5tdragsv%C3%A4gen+17%2C+Ingmars%C3%B6&amp;sca_esv=f3357a1008beab26&amp;sxsrf=AHTn8zrpqz0AymWxUd6xF_QnoeaxC8mPjA%3A1744562462614&amp;source=hp&amp;ei=Hun7Z9fwIufEwPAPq-rg0Ac&amp;iflsig=ACkRmUkAAAAAZ_v3LuS4o9wZP6rIY3ZOOsXoUIh6-C35&amp;oq=b%C3%A5tdragsv%C3%A4gen+17&amp;gs_lp=Egdnd3Mtd2l6IhJiw6V0ZHJhZ3N2w6RnZW4gMTcqAggAMgIQJjIFEAAY7wUyBRAAGO8FMgUQABjvBTIFEAAY7wUyCBAAGIAEGKIESK1PUABYjkRwA3gAkAEAmAFnoAGxCKoBBDE4LjG4AQHIAQD4AQGYAhagAucIwgILEAAYgAQYsQMYgwHCAg4QLhiABBixAxiDARiKBcICCBAAGIAEGLEDwgIOEAAYgAQYsQMYgwEYigXCAgsQLhiABBixAxiDAcICCBAuGIAEGLEDwgIFEAAYgATCAgsQABiABBiSAxiKBcICCBAAGIAEGJIDwgILEAAYgAQYsQMYyQPCAgQQABgDwgINEAAYgAQYsQMYgwEYCsICBxAAGIAEGArCAgQQABgewgIIEAAYogQYiQXCAgUQIRigAZgDAJIHBDIxLjGgB_1SsgcEMTguMbgH5Ag&amp;sclient=gws-wiz\">B\u00e5tdragsv\u00e4gen 17<\/a><br \/><a href=\"https:\/\/www.google.se\/search?q=B%C3%A5tdragsv%C3%A4gen+17%2C+Ingmars%C3%B6&amp;sca_esv=f3357a1008beab26&amp;sxsrf=AHTn8zrpqz0AymWxUd6xF_QnoeaxC8mPjA%3A1744562462614&amp;source=hp&amp;ei=Hun7Z9fwIufEwPAPq-rg0Ac&amp;iflsig=ACkRmUkAAAAAZ_v3LuS4o9wZP6rIY3ZOOsXoUIh6-C35&amp;oq=b%C3%A5tdragsv%C3%A4gen+17&amp;gs_lp=Egdnd3Mtd2l6IhJiw6V0ZHJhZ3N2w6RnZW4gMTcqAggAMgIQJjIFEAAY7wUyBRAAGO8FMgUQABjvBTIFEAAY7wUyCBAAGIAEGKIESK1PUABYjkRwA3gAkAEAmAFnoAGxCKoBBDE4LjG4AQHIAQD4AQGYAhagAucIwgILEAAYgAQYsQMYgwHCAg4QLhiABBixAxiDARiKBcICCBAAGIAEGLEDwgIOEAAYgAQYsQMYgwEYigXCAgsQLhiABBixAxiDAcICCBAuGIAEGLEDwgIFEAAYgATCAgsQABiABBiSAxiKBcICCBAAGIAEGJIDwgILEAAYgAQYsQMYyQPCAgQQABgDwgINEAAYgAQYsQMYgwEYCsICBxAAGIAEGArCAgQQABgewgIIEAAYogQYiQXCAgUQIRigAZgDAJIHBDIxLjGgB_1SsgcEMTguMbgH5Ag&amp;sclient=gws-wiz\">13025 Ingmars\u00f6<\/a><\/p>\t\t\t\t\t\t\t\t<\/div>\n\t\t\t\t<\/div>\n\t\t\t\t<\/div>\n\t\t\t\t\t<\/div>\n\t\t\t\t<\/div>\n\t\t\t\t<\/div>","protected":false},"excerpt":{"rendered":"<p>Kontakt Nordwall Instruments verkstad \u00e4r bel\u00e4gen p\u00e5 \u00f6n Ingmars\u00f6 i stockholms mellersta sk\u00e4rg\u00e5rd.Du tar dig hit med Waxholmsb\u00e5t p\u00e5 2-3 timme fr\u00e5n stan, alternativt med bil och v\u00e4gf\u00e4rja till Ljuster\u00f6 och d\u00e4refter 35 minuters b\u00e5tsf\u00e4rd sista biten till Ingmars\u00f6. G\u00e5 in p\u00e5\u00a0waxholmsbolaget.se\u00a0alternativt\u00a0sl.se\u00a0f\u00f6r tider. Kontakta Nordwall Instrument: Mobil: 073-932-24-27E-mail:\u00a0info@nordwallinstrument.com Bes\u00f6ksadress:B\u00e5tdragsv\u00e4gen 1713025 Ingmars\u00f6<\/p>","protected":false},"author":1,"featured_media":0,"parent":0,"menu_order":0,"comment_status":"closed","ping_status":"closed","template":"","meta":{"site-sidebar-layout":"no-sidebar","site-content-layout":"page-builder","ast-site-content-layout":"full-width-container","site-content-style":"default","site-sidebar-style":"default","ast-global-header-display":"","ast-banner-title-visibility":"","ast-main-header-display":"","ast-hfb-above-header-display":"","ast-hfb-below-header-display":"","ast-hfb-mobile-header-display":"","site-post-title":"disabled","ast-breadcrumbs-content":"","ast-featured-img":"disabled","footer-sml-layout":"","theme-transparent-header-meta":"","adv-header-id-meta":"","stick-header-meta":"","header-above-stick-meta":"","header-main-stick-meta":"","header-below-stick-meta":"","astra-migrate-meta-layouts":"set","ast-page-background-enabled":"default","ast-page-background-meta":{"desktop":{"background-color":"","background-image":"","background-repeat":"repeat","background-position":"center center","background-size":"auto","background-attachment":"scroll","background-type":"","background-media":"","overlay-type":"","overlay-color":"","overlay-opacity":"","overlay-gradient":""},"tablet":{"background-color":"","background-image":"","background-repeat":"repeat","background-position":"center center","background-size":"auto","background-attachment":"scroll","background-type":"","background-media":"","overlay-type":"","overlay-color":"","overlay-opacity":"","overlay-gradient":""},"mobile":{"background-color":"","background-image":"","background-repeat":"repeat","background-position":"center center","background-size":"auto","background-attachment":"scroll","background-type":"","background-media":"","overlay-type":"","overlay-color":"","overlay-opacity":"","overlay-gradient":""}},"ast-content-background-meta":{"desktop":{"background-color":"var(--ast-global-color-5)","background-image":"","background-repeat":"repeat","background-position":"center center","background-size":"auto","background-attachment":"scroll","background-type":"","background-media":"","overlay-type":"","overlay-color":"","overlay-opacity":"","overlay-gradient":""},"tablet":{"background-color":"var(--ast-global-color-5)","background-image":"","background-repeat":"repeat","background-position":"center center","background-size":"auto","background-attachment":"scroll","background-type":"","background-media":"","overlay-type":"","overlay-color":"","overlay-opacity":"","overlay-gradient":""},"mobile":{"background-color":"var(--ast-global-color-5)","background-image":"","background-repeat":"repeat","background-position":"center center","background-size":"auto","background-attachment":"scroll","background-type":"","background-media":"","overlay-type":"","overlay-color":"","overlay-opacity":"","overlay-gradient":""}},"footnotes":""},"class_list":["post-1680","page","type-page","status-publish","hentry"],"_links":{"self":[{"href":"https:\/\/subdomain.nordwallinstrument.com\/en\/wp-json\/wp\/v2\/pages\/1680","targetHints":{"allow":["GET"]}}],"collection":[{"href":"https:\/\/subdomain.nordwallinstrument.com\/en\/wp-json\/wp\/v2\/pages"}],"about":[{"href":"https:\/\/subdomain.nordwallinstrument.com\/en\/wp-json\/wp\/v2\/types\/page"}],"author":[{"embeddable":true,"href":"https:\/\/subdomain.nordwallinstrument.com\/en\/wp-json\/wp\/v2\/users\/1"}],"replies":[{"embeddable":true,"href":"https:\/\/subdomain.nordwallinstrument.com\/en\/wp-json\/wp\/v2\/comments?post=1680"}],"version-history":[{"count":11,"href":"https:\/\/subdomain.nordwallinstrument.com\/en\/wp-json\/wp\/v2\/pages\/1680\/revisions"}],"predecessor-version":[{"id":2545,"href":"https:\/\/subdomain.nordwallinstrument.com\/en\/wp-json\/wp\/v2\/pages\/1680\/revisions\/2545"}],"wp:attachment":[{"href":"https:\/\/subdomain.nordwallinstrument.com\/en\/wp-json\/wp\/v2\/media?parent=1680"}],"curies":[{"name":"wp","href":"https:\/\/api.w.org\/{rel}","templated":true}]}}